{"id":107,"date":"2022-05-04T12:29:57","date_gmt":"2022-05-04T12:29:57","guid":{"rendered":"https:\/\/eleventeam.hu\/?page_id=107"},"modified":"2022-05-04T12:29:57","modified_gmt":"2022-05-04T12:29:57","slug":"rolam","status":"publish","type":"page","link":"https:\/\/eleventeam.hu\/index.php\/rolam\/","title":{"rendered":"R\u00f3lam"},"content":{"rendered":"\n<p>Figyelem-koncentr\u00e1l\u00f3 k\u00e9pess\u00e9g &nbsp;ter\u00e9n az orsz\u00e1g legjobb szakember\u00e9nek tartom magam.<\/p>\n\n\n\n<p>Gy\u00f3gypedag\u00f3gus diplom\u00e1m van, \u00e9s ezen fel\u00fcl mozg\u00e1sterapeuta \u00e9s tanul\u00e1str\u00e9ner is vagyok. A tehets\u00e9ggondoz\u00e1sban is sok tapasztalatom van ovisokkal \u00e9s iskol\u00e1sokkal.<\/p>\n\n\n\n<p>Sikeres kamasz nagyfiamra nagyon b\u00fcszke vagyok, sz\u00fcl\u0151k\u00e9nt sok j\u00f3 megold\u00e1sra j\u00f6ttem r\u00e1. Vid\u00e9kr\u0151l k\u00f6lt\u00f6zt\u00fcnk &nbsp;\u00d3bud\u00e1ra m\u00e1r sok \u00e9vel ezel\u0151tt. &nbsp;&nbsp;&nbsp;<\/p>\n\n\n\n<p>( v\u00e9gzetts\u00e9geim: 2 szakos gy\u00f3gypedag\u00f3gus- pszichopedag\u00f3gus &nbsp;diploma &nbsp;sz\u00e1ma: 196\/1993 \/ &nbsp;PL-6891 sz\u00e1m\u00fa Tehets\u00e9gfelismer\u00e9s \u00e9s tehets\u00e9ggondoz\u00e1s Tanfolyam \/ 26209-66\/1998 enged\u00e9ly sz\u00e1m\u00fa akkredit\u00e1lt Alapoz\u00f3 Ter\u00e1pia terapeuta k\u00e9pz\u00e9s )<\/p>\n\n\n\n<p>Specializ\u00e1ci\u00f3im: tanul\u00e1si probl\u00e9m\u00e1k kivizsg\u00e1l\u00e1sa, felv\u00e9telire felk\u00e9sz\u00edt\u00e9s, tanul\u00e1sm\u00f3dszertan, r\u00e9szk\u00e9pess\u00e9gfejleszt\u00e9s, &nbsp;figyelemzavar kezel\u00e9se (ADD) , hiperaktivit\u00e1s kezel\u00e9se (ADHD), tanul\u00e1ssal kapcsolatos \u00e9rzelmi probl\u00e9m\u00e1k megold\u00e1sa.<\/p>\n","protected":false},"excerpt":{"rendered":"<p>Figyelem-koncentr\u00e1l\u00f3 k\u00e9pess\u00e9g &nbsp;ter\u00e9n az orsz\u00e1g legjobb szakember\u00e9nek tartom magam. Gy\u00f3gypedag\u00f3gus diplom\u00e1m van, \u00e9s ezen fel\u00fcl mozg\u00e1sterapeuta \u00e9s tanul\u00e1str\u00e9ner is vagyok. A tehets\u00e9ggondoz\u00e1sban is sok tapasztalatom van ovisokkal \u00e9s iskol\u00e1sokkal. Sikeres kamasz nagyfiamra nagyon b\u00fcszke vagyok, sz\u00fcl\u0151k\u00e9nt sok j\u00f3 megold\u00e1sra j\u00f6ttem r\u00e1. Vid\u00e9kr\u0151l k\u00f6lt\u00f6zt\u00fcnk &nbsp;\u00d3bud\u00e1ra m\u00e1r sok \u00e9vel ezel\u0151tt. &nbsp;&nbsp;&nbsp; ( v\u00e9gzetts\u00e9geim: 2 szakos gy\u00f3gypedag\u00f3gus- pszichopedag\u00f3gus&#8230;<\/p>\n","protected":false},"author":1,"featured_media":0,"parent":0,"menu_order":0,"comment_status":"closed","ping_status":"closed","template":"","meta":{"footnotes":""},"class_list":["post-107","page","type-page","status-publish","hentry"],"aioseo_notices":[],"_links":{"self":[{"href":"https:\/\/eleventeam.hu\/index.php\/wp-json\/wp\/v2\/pages\/107","targetHints":{"allow":["GET"]}}],"collection":[{"href":"https:\/\/eleventeam.hu\/index.php\/wp-json\/wp\/v2\/pages"}],"about":[{"href":"https:\/\/eleventeam.hu\/index.php\/wp-json\/wp\/v2\/types\/page"}],"author":[{"embeddable":true,"href":"https:\/\/eleventeam.hu\/index.php\/wp-json\/wp\/v2\/users\/1"}],"replies":[{"embeddable":true,"href":"https:\/\/eleventeam.hu\/index.php\/wp-json\/wp\/v2\/comments?post=107"}],"version-history":[{"count":1,"href":"https:\/\/eleventeam.hu\/index.php\/wp-json\/wp\/v2\/pages\/107\/revisions"}],"predecessor-version":[{"id":108,"href":"https:\/\/eleventeam.hu\/index.php\/wp-json\/wp\/v2\/pages\/107\/revisions\/108"}],"wp:attachment":[{"href":"https:\/\/eleventeam.hu\/index.php\/wp-json\/wp\/v2\/media?parent=107"}],"curies":[{"name":"wp","href":"https:\/\/api.w.org\/{rel}","templated":true}]}}